{"id":9,"date":"2021-04-02T19:28:28","date_gmt":"2021-04-02T19:28:28","guid":{"rendered":"https:\/\/goldenia.af-developpement.com\/?page_id=9"},"modified":"2025-11-13T03:05:06","modified_gmt":"2025-11-13T02:05:06","slug":"accueil","status":"publish","type":"page","link":"https:\/\/www.goldeniastudios.com\/en\/accueil\/","title":{"rendered":"Accueil"},"content":{"rendered":"<div data-colibri-id=\"9-c1\" class=\"style-180 style-local-9-c1 position-relative\">\n  <!---->\n  <div data-colibri-component=\"section\" data-colibri-id=\"9-c2\" id=\"initial-content\" class=\"h-section h-section-global-spacing d-flex align-items-lg-center align-items-md-center align-items-center style-181 style-local-9-c2 position-relative\">\n    <!---->\n    <!---->\n    <div class=\"h-section-grid-container h-section-boxed-container\">\n      <!---->\n      <div data-colibri-id=\"9-c3\" class=\"h-row-container gutters-row-lg-2 gutters-row-md-2 gutters-row-0 gutters-row-v-lg-2 gutters-row-v-md-2 gutters-row-v-2 style-182 style-local-9-c3 position-relative\">\n        <!---->\n        <div class=\"h-row justify-content-lg-center justify-content-md-center justify-content-center align-items-lg-stretch align-items-md-stretch align-items-stretch gutters-col-lg-2 gutters-col-md-2 gutters-col-0 gutters-col-v-lg-2 gutters-col-v-md-2 gutters-col-v-2\">\n          <!---->\n          <div class=\"h-column h-column-container d-flex h-col-lg-auto h-col-md-auto h-col-auto style-183-outer style-local-9-c4-outer\">\n            <div data-colibri-id=\"9-c4\" class=\"d-flex h-flex-basis h-column__inner h-px-lg-2 h-px-md-2 h-px-2 v-inner-lg-2 v-inner-md-2 v-inner-2 style-183 style-local-9-c4 position-relative\">\n              <!---->\n              <!---->\n              <div class=\"w-100 h-y-container h-column__content h-column__v-align flex-basis-100 align-self-lg-start align-self-md-start align-self-start\">\n                <!---->\n                <div data-colibri-id=\"9-c5\" class=\"style-184 style-local-9-c5 position-relative h-element\">\n                  <!---->\n                  <div>\n                    <div style=\"position: relative; padding-bottom: 56.25%; height: 0; overflow: hidden; max-width: 100%; margin: 0 auto;\">\n\n                    <\/div>\n                    <h2>Programmes<\/h2>\n                    <h2>ACTUALIT\u00c9S<\/h2>\n                    <article data-id=\"3548\">\n                      <img loading=\"lazy\" decoding=\"async\" src=\"https:\/\/www.goldeniastudios.com\/wp-content\/uploads\/6034c49bca7b4a72193639f3.jpg\" alt=\"\" width=\"236\" height=\"162\">\n                      <header>\n                        <h2>\n                          <a title=\"Comment est n\u00e9 le hip-hop : une plong\u00e9e dans la culture urbaine sur Lumni (plateforme \u00e9ducative de France.tv) Une production Goldenia Studios\" href=\"https:\/\/www.goldeniastudios.com\/en\/comment-est-ne-le-hip-hop-une-plongee-dans-la-culture-urbaine-sur-lumni-plateforme-educative-de-france-tv-une-production-goldenia-studios\/\">Comment est n\u00e9 le hip-hop : une plong\u00e9e dans la culture urbaine sur Lumni (plateforme \u00e9ducative de France.tv) Une production Goldenia Studios<\/a>\n                        <\/h2>\n                      <\/header>Le hip-hop, bien plus qu\u2019un simple style musical, est une&#8230;\n\n                      <a href=\"https:\/\/www.goldeniastudios.com\/en\/comment-est-ne-le-hip-hop-une-plongee-dans-la-culture-urbaine-sur-lumni-plateforme-educative-de-france-tv-une-production-goldenia-studios\/\">Lire la suite&#8230;<\/a>\n\n                    <\/article>\n                    <article data-id=\"3535\">\n                      <img loading=\"lazy\" decoding=\"async\" src=\"https:\/\/www.goldeniastudios.com\/wp-content\/uploads\/P-Vandel-300x191.png\" sizes=\"auto, (max-width: 300px) 100vw, 300px\" srcset=\"https:\/\/www.goldeniastudios.com\/wp-content\/uploads\/P-Vandel-300x191.png 300w, https:\/\/www.goldeniastudios.com\/wp-content\/uploads\/P-Vandel.png 616w\"\n                        alt=\"\" width=\"300\" height=\"191\">\n                      <header>\n                        <h2>\n                          <a title=\"Les Pi\u00e8ges du num\u00e9rique notre s\u00e9rie pour france.tv slash \u00e0 l\u2019honneur dans l\u2019\u00e9mission de Philippe Vandel sur Europe 1\" href=\"https:\/\/www.goldeniastudios.com\/en\/les-pieges-du-numerique-notre-serie-pour-france-tv-slash-a-lhonneur-dans-lemission-de-philippe-vandel-sur-europe-1-2\/\">Les Pi\u00e8ges du num\u00e9rique notre s\u00e9rie pour france.tv slash \u00e0 l\u2019honneur dans l\u2019\u00e9mission de Philippe Vandel sur Europe 1<\/a>\n                        <\/h2>\n                      <\/header>Un grand merci \u00e0 R\u00e9mi Jacob pour son coup de&#8230;\n\n                      <a href=\"https:\/\/www.goldeniastudios.com\/en\/les-pieges-du-numerique-notre-serie-pour-france-tv-slash-a-lhonneur-dans-lemission-de-philippe-vandel-sur-europe-1-2\/\">Lire la suite&#8230;<\/a>\n\n                    <\/article>\n                    <article data-id=\"3490\">\n                      <img loading=\"lazy\" decoding=\"async\" src=\"https:\/\/www.goldeniastudios.com\/wp-content\/uploads\/Satellifacts-24-11-2022-300x169.png\" sizes=\"auto, (max-width: 300px) 100vw, 300px\" srcset=\"https:\/\/www.goldeniastudios.com\/wp-content\/uploads\/Satellifacts-24-11-2022-300x169.png 300w, https:\/\/www.goldeniastudios.com\/wp-content\/uploads\/Satellifacts-24-11-2022.png 711w\"\n                        alt=\"\" width=\"300\" height=\"169\">\n                      <header>\n                        <h2>\n                          <a title=\"Lancement de notre s\u00e9rie Les Pi\u00e8ges du num\u00e9rique (france.tv slash)\" href=\"https:\/\/www.goldeniastudios.com\/en\/lancement-de-notre-serie-les-pieges-du-numerique-france-tv-slash\/\">Lancement de notre s\u00e9rie Les Pi\u00e8ges du num\u00e9rique (france.tv slash)<\/a>\n                        <\/h2>\n                      <\/header>Tous les 15 jours sur france.tv et sur la chaine&#8230;\n\n                      <a href=\"https:\/\/www.goldeniastudios.com\/en\/lancement-de-notre-serie-les-pieges-du-numerique-france-tv-slash\/\">Lire la suite&#8230;<\/a>\n\n                    <\/article>\n                    <article data-id=\"3467\">\n                      <img loading=\"lazy\" decoding=\"async\" src=\"https:\/\/www.goldeniastudios.com\/wp-content\/uploads\/Viragina-Veil-300x169.png\" sizes=\"auto, (max-width: 300px) 100vw, 300px\" srcset=\"https:\/\/www.goldeniastudios.com\/wp-content\/uploads\/Viragina-Veil-300x169.png 300w, https:\/\/www.goldeniastudios.com\/wp-content\/uploads\/Viragina-Veil-768x432.png 768w, https:\/\/www.goldeniastudios.com\/wp-content\/uploads\/Viragina-Veil.png 960w\"\n                        alt=\"\" width=\"300\" height=\"169\">\n                      <header>\n                        <h2>\n                          <a title=\"La Loi Veil | Virag\u2019Ina avec Aude GG | Laur\u00e9at InaLab\" href=\"https:\/\/www.goldeniastudios.com\/en\/la-loi-veil-viragina-avec-aude-gg-laureat-inalab\/\">La Loi Veil | Virag\u2019Ina avec Aude GG | Laur\u00e9at InaLab<\/a>\n                        <\/h2>\n                      <\/header>Il y a quelques temps nous avons produit Virag\u2019Ina avec&#8230;\n\n                      <a href=\"https:\/\/www.goldeniastudios.com\/en\/la-loi-veil-viragina-avec-aude-gg-laureat-inalab\/\">Lire la suite&#8230;<\/a>\n\n                    <\/article>\n                    <button id=\"eael-load-more-btn-867581b\" data-widget-id=\"867581b\" data-widget=\"867581b\" data-page-id=\"9\" data-template=\"{&quot;dir&quot;:&quot;lite&quot;,&quot;file_name&quot;:&quot;default.php&quot;,&quot;name&quot;:&quot;Post-Grid&quot;}\"\n                      data-class=\"Essential_Addons_ElementorElementsPost_Grid\" data-layout=\"masonry\" data-page=\"1\" data-args=\"orderby=date&amp;order=desc&amp;ignore_sticky_posts=1&amp;post_status=publish&amp;posts_per_page=4&amp;offset=1&amp;post_type=post\"\n                      data-max-page=\"35\">\n                      Voir d&rsquo;autres actualit\u00e9s\n                    <\/button>\n\n                    <style>\n                      .eael-twitter-feed-a14e95e.eael-twitter-feed-masonry.eael-twitter-feed-col-2 .eael-twitter-feed-item {\n                        <br \/>width: calc(50% - 5px);\n                        <br \/>\n                      }\n\n                      <br \/>.eael-twitter-feed-a14e95e.eael-twitter-feed-masonry.eael-twitter-feed-col-3 .eael-twitter-feed-item {\n                        <br \/>width: calc(33.33% - 7px);\n                        <br \/>\n                      }\n\n                      <br \/>.eael-twitter-feed-a14e95e.eael-twitter-feed-masonry.eael-twitter-feed-col-4 .eael-twitter-feed-item {\n                        <br \/>width: calc(25% - 8px);\n                        <br \/>\n                      }\n\n                      <br \/>.eael-twitter-feed-a14e95e.eael-twitter-feed-col-2 .eael-twitter-feed-item,\n                      <br \/>.eael-twitter-feed-a14e95e.eael-twitter-feed-col-3 .eael-twitter-feed-item,\n                      <br \/>.eael-twitter-feed-a14e95e.eael-twitter-feed-col-4 .eael-twitter-feed-item {\n                        <br \/>margin-bottom: 10px;\n                        <br \/>\n                      }\n\n                      <br \/>@media only screen and (min-width: 768px) and (max-width: 992px) {\n                        <br \/>.eael-twitter-feed-a14e95e.eael-twitter-feed-masonry.eael-twitter-feed-col-3 .eael-twitter-feed-item,\n                        <br \/>.eael-twitter-feed-a14e95e.eael-twitter-feed-masonry.eael-twitter-feed-col-4 .eael-twitter-feed-item {\n                          <br \/>width: calc(50% - 5px);\n                          <br \/>\n                        }\n                        <br \/>\n                      }\n\n                      <br \/>\n                    <\/style>\n\n                    <a href=\"https:\/\/www.spect.fr\/\">\n                      <img loading=\"lazy\" decoding=\"async\" src=\"https:\/\/www.goldeniastudios.com\/wp-content\/uploads\/2021\/04\/logo_spect.jpg\" alt=\"\" width=\"204\" height=\"100\">\n                    <\/a>\n\n                    Goldenia Studios est affili\u00e9 au Syndicat Des Producteurs Cr\u00e9ateurs de Programmes Audiovisuels depuis 2009.\n\n                    <a href=\"https:\/\/www.pxn.fr\/\">\n                      <img loading=\"lazy\" decoding=\"async\" src=\"https:\/\/www.goldeniastudios.com\/wp-content\/uploads\/2021\/11\/logo-pxn.jpg\" alt=\"\" width=\"204\" height=\"100\">\n                    <\/a>\n\n                    Goldenia Studios est membre de PXN depuis 2020.<\/div>\n                <\/div>\n              <\/div>\n            <\/div>\n          <\/div>\n        <\/div>\n      <\/div>\n    <\/div>\n  <\/div>\n  <div data-colibri-component=\"section\" data-colibri-id=\"9-c6\" id=\"about\" class=\"h-section h-section-global-spacing d-flex align-items-lg-center align-items-md-center align-items-center style-185 style-local-9-c6 position-relative\">\n    <!---->\n    <!---->\n    <div class=\"h-section-grid-container h-section-boxed-container\">\n      <!---->\n      <div data-colibri-id=\"9-c7\" class=\"h-row-container gutters-row-lg-0 gutters-row-md-0 gutters-row-0 gutters-row-v-lg-0 gutters-row-v-md-0 gutters-row-v-0 style-186 style-local-9-c7 position-relative\">\n        <!---->\n        <div class=\"h-row justify-content-lg-center justify-content-md-center justify-content-center align-items-lg-stretch align-items-md-stretch align-items-stretch gutters-col-lg-0 gutters-col-md-0 gutters-col-0 gutters-col-v-lg-0 gutters-col-v-md-0 gutters-col-v-0\">\n          <!---->\n          <div class=\"h-column h-column-container d-flex h-col-lg-auto h-col-md-auto h-col-auto style-187-outer style-local-9-c8-outer\">\n            <div data-colibri-id=\"9-c8\" class=\"d-flex h-flex-basis h-column__inner h-px-lg-0 h-px-md-0 h-px-0 v-inner-lg-0 v-inner-md-0 v-inner-0 style-187 style-local-9-c8 position-relative\">\n              <!---->\n              <!---->\n              <div class=\"w-100 h-y-container h-column__content h-column__v-align flex-basis-100 align-self-lg-start align-self-md-start align-self-start\">\n                <!---->\n                <div data-colibri-id=\"9-c9\" class=\"h-global-transition-all h-heading style-188 style-local-9-c9 position-relative h-element\">\n                  <!---->\n                  <div class=\"h-heading__outer style-188 style-local-9-c9\">\n                    <!---->\n                    <!---->\n                    <h5 class=\"\">About us<\/h5>\n                  <\/div>\n                <\/div>\n                <div data-colibri-id=\"9-c10\" class=\"h-global-transition-all h-heading style-189 style-local-9-c10 position-relative h-element\">\n                  <!---->\n                  <div class=\"h-heading__outer style-189 style-local-9-c10\">\n                    <!---->\n                    <!---->\n                    <h2 class=\"\">Enjoy the best <em style=\"font-family: &quot;Playfair Display&quot;;\">design<\/em> and <em style=\"font-family: &quot;Playfair Display&quot;;\">functions<\/em> combined together<\/h2>\n                  <\/div>\n                <\/div>\n                <div data-colibri-id=\"9-c11\" class=\"h-text h-text-component style-190 style-local-9-c11 position-relative h-element\">\n                  <!---->\n                  <!---->\n                  <div class=\"\">\n                    <p>Lorem ipsum dolor sit amet, consectetur adipisicing elit, sed do eiusmod tempor incididunt ut labore et dolore magna aliqua. Ut enim ad minim veniam, quis nostrud exercitation ullamco laboris nisi ut aliquip.<\/p>\n                  <\/div>\n                <\/div>\n              <\/div>\n            <\/div>\n          <\/div>\n        <\/div>\n      <\/div>\n    <\/div>\n  <\/div>\n  <div data-colibri-component=\"section\" data-colibri-id=\"9-c13\" id=\"about-2\" class=\"h-section h-section-global-spacing d-flex align-items-lg-center align-items-md-center align-items-center style-192 style-local-9-c13 position-relative\">\n    <!---->\n    <!---->\n    <div class=\"h-section-grid-container h-section-boxed-container\">\n      <!---->\n      <div data-colibri-id=\"9-c14\" class=\"h-row-container gutters-row-lg-0 gutters-row-md-0 gutters-row-0 gutters-row-v-lg-0 gutters-row-v-md-0 gutters-row-v-0 style-193 style-local-9-c14 position-relative\">\n        <!---->\n        <div class=\"h-row justify-content-lg-center justify-content-md-center justify-content-center align-items-lg-stretch align-items-md-stretch align-items-stretch gutters-col-lg-0 gutters-col-md-0 gutters-col-0 gutters-col-v-lg-0 gutters-col-v-md-0 gutters-col-v-0\">\n          <!---->\n          <div class=\"h-column h-column-container d-flex h-col-lg-auto h-col-md-auto h-col-auto style-194-outer style-local-9-c15-outer\">\n            <div data-colibri-id=\"9-c15\" class=\"d-flex h-flex-basis h-column__inner h-px-lg-0 h-px-md-0 h-px-0 v-inner-lg-0 v-inner-md-0 v-inner-0 style-194 style-local-9-c15 position-relative\">\n              <!---->\n              <!---->\n              <div class=\"w-100 h-y-container h-column__content h-column__v-align flex-basis-100 align-self-lg-start align-self-md-start align-self-start\">\n                <!---->\n                <div data-colibri-id=\"9-c16\" class=\"h-global-transition-all h-heading style-195 style-local-9-c16 position-relative h-element\">\n                  <!---->\n                  <div class=\"h-heading__outer style-195 style-local-9-c16\">\n                    <!---->\n                    <!---->\n                    <h5 class=\"\">About us<\/h5>\n                  <\/div>\n                <\/div>\n                <div data-colibri-id=\"9-c17\" class=\"h-global-transition-all h-heading style-196 style-local-9-c17 position-relative h-element\">\n                  <!---->\n                  <div class=\"h-heading__outer style-196 style-local-9-c17\">\n                    <!---->\n                    <!---->\n                    <h2 class=\"\">Enjoy the best <em style=\"font-family: &quot;Playfair Display&quot;;\">design<\/em> and <em style=\"font-family: &quot;Playfair Display&quot;;\">functions<\/em> combined together<\/h2>\n                  <\/div>\n                <\/div>\n                <div data-colibri-id=\"9-c18\" class=\"h-text h-text-component style-197 style-local-9-c18 position-relative h-element\">\n                  <!---->\n                  <!---->\n                  <div class=\"\">\n                    <p>Lorem ipsum dolor sit amet, consectetur adipisicing elit, sed do eiusmod tempor incididunt ut labore et dolore magna aliqua. Ut enim ad minim veniam, quis nostrud exercitation ullamco laboris nisi ut aliquip.<\/p>\n                  <\/div>\n                <\/div>\n              <\/div>\n            <\/div>\n          <\/div>\n          <div class=\"h-column h-column-container d-flex h-col-lg-auto h-col-md-auto h-col-auto style-198-outer style-local-9-c19-outer\">\n            <div data-colibri-id=\"9-c19\" class=\"d-flex h-flex-basis h-column__inner h-ui-empty-state-container h-px-lg-2 h-px-md-2 h-px-2 v-inner-lg-2 v-inner-md-2 v-inner-2 style-198 style-local-9-c19 position-relative\">\n              <!---->\n              <!---->\n              <div class=\"w-100 h-y-container h-column__content h-column__v-align flex-basis-100\">\n                <!---->\n              <\/div>\n            <\/div>\n          <\/div>\n        <\/div>\n      <\/div>\n    <\/div>\n  <\/div>\n<\/div>","protected":false},"excerpt":{"rendered":"<p>Programmes ACTUALIT\u00c9S Comment est n\u00e9 le hip-hop : une plong\u00e9e dans la culture [&hellip;]<\/p>\n","protected":false},"author":2,"featured_media":0,"parent":0,"menu_order":0,"comment_status":"closed","ping_status":"closed","template":"page-templates\/full-width-page.php","meta":{"footnotes":""},"class_list":["post-9","page","type-page","status-publish","hentry"],"_links":{"self":[{"href":"https:\/\/www.goldeniastudios.com\/en\/wp-json\/wp\/v2\/pages\/9","targetHints":{"allow":["GET"]}}],"collection":[{"href":"https:\/\/www.goldeniastudios.com\/en\/wp-json\/wp\/v2\/pages"}],"about":[{"href":"https:\/\/www.goldeniastudios.com\/en\/wp-json\/wp\/v2\/types\/page"}],"author":[{"embeddable":true,"href":"https:\/\/www.goldeniastudios.com\/en\/wp-json\/wp\/v2\/users\/2"}],"replies":[{"embeddable":true,"href":"https:\/\/www.goldeniastudios.com\/en\/wp-json\/wp\/v2\/comments?post=9"}],"version-history":[{"count":20,"href":"https:\/\/www.goldeniastudios.com\/en\/wp-json\/wp\/v2\/pages\/9\/revisions"}],"predecessor-version":[{"id":3870,"href":"https:\/\/www.goldeniastudios.com\/en\/wp-json\/wp\/v2\/pages\/9\/revisions\/3870"}],"wp:attachment":[{"href":"https:\/\/www.goldeniastudios.com\/en\/wp-json\/wp\/v2\/media?parent=9"}],"curies":[{"name":"wp","href":"https:\/\/api.w.org\/{rel}","templated":true}]}}