{"id":375,"date":"2021-04-13T21:44:39","date_gmt":"2021-04-13T21:44:39","guid":{"rendered":"https:\/\/goldenia.af-developpement.com\/?page_id=375"},"modified":"2025-10-15T15:46:18","modified_gmt":"2025-10-15T13:46:18","slug":"faire-pepiter-les-yeux","status":"publish","type":"page","link":"https:\/\/www.goldeniastudios.com\/en\/faire-pepiter-les-yeux\/","title":{"rendered":"Faire p\u00e9piter les yeux"},"content":{"rendered":"<h2>L&rsquo;art et la mani\u00e8re<\/h2>\n<p>R\u00e9pondre aux d\u00e9fis de la <strong>r\u00e9volution num\u00e9rique<\/strong> : Qu\u2019il s\u2019agisse des <strong>id\u00e9es<\/strong>, des <strong>talents<\/strong> ou des <strong>technologies<\/strong>. Tout circule et \u00e9volue d\u00e9sormais plus vite. Les m\u00e9thodes et recettes d\u2019hier sont questionn\u00e9es, sans que, de nouvelles r\u00e9ponses soient n\u00e9cessairement apport\u00e9es. \u00a0Dans ce contexte de mutation profonde, Goldenia Studios con\u00e7oit des programmes qui se d\u00e9clinent sur le <strong>triple \u00c9cran<\/strong> : tv, ordinateurs, smartphones et qui font p\u00e9piter les neurones. Goldenia a \u00e9t\u00e9 pionni\u00e8re de l&rsquo;edutainment dans la creators economy.<\/p>\n<h2>Cr\u00e9er des programmes<\/h2>\n<p>Autour de comp\u00e9tences artistiques et \u00e9ditoriales d\u00e9di\u00e9es, Goldenia\u00a0Studios cr\u00e9e,\u00a0produit\u00a0des programmes et construit de la valeur\u00a0avec sa<strong> vision \u00e9clectique et d\u00e9cloisonn\u00e9e<\/strong>.\u00a0Goldenia Studios fait la synth\u00e8se entre la <strong>rigueur<\/strong> et la <strong>pr\u00e9cision<\/strong> indispensables aux productions TV et l\u2019<strong>innovation<\/strong> des digital natives.\u00a0Elle d\u00e9ploie des m\u00e9thodes modernes de cr\u00e9ation et de fabrication avec des logiques de production ma\u00eetris\u00e9e pour coller \u00e0 la nouvelle donne du secteur.<\/p>\n<h2>Faire p\u00e9piter les yeux<\/h2>\n<p>Dans un contexte de productions low cost, Goldenia Studios se d\u00e9marque\u00a0par sa <strong>forte exigence artistique et \u00e9ditoriale<\/strong>. Pour \u00e9merger, programmes et contenus\u00a0doivent faire\u00a0<em><strong>p\u00e9piter<\/strong><\/em>\u00a0les yeux. Cross et transm\u00e9dia, nos concepts engagent une v\u00e9ritable <strong>conversation avec l\u2019audience<\/strong>, en accord avec les nouveaux usages et modes de consommation des \u00e9missions et des contenus.<\/p>\n<p><a role=\"button\" href=\"https:\/\/goldenia.af-developpement.com\/talentotheque\/\"><br \/>\nLa talentoth\u00e8que<br \/>\n<\/a><\/p>","protected":false},"excerpt":{"rendered":"<p>L&rsquo;art et la mani\u00e8re R\u00e9pondre aux d\u00e9fis de la r\u00e9volution num\u00e9rique : Qu\u2019il [&hellip;]<\/p>\n","protected":false},"author":2,"featured_media":0,"parent":0,"menu_order":0,"comment_status":"closed","ping_status":"closed","template":"","meta":{"footnotes":""},"class_list":["post-375","page","type-page","status-publish","hentry"],"_links":{"self":[{"href":"https:\/\/www.goldeniastudios.com\/en\/wp-json\/wp\/v2\/pages\/375","targetHints":{"allow":["GET"]}}],"collection":[{"href":"https:\/\/www.goldeniastudios.com\/en\/wp-json\/wp\/v2\/pages"}],"about":[{"href":"https:\/\/www.goldeniastudios.com\/en\/wp-json\/wp\/v2\/types\/page"}],"author":[{"embeddable":true,"href":"https:\/\/www.goldeniastudios.com\/en\/wp-json\/wp\/v2\/users\/2"}],"replies":[{"embeddable":true,"href":"https:\/\/www.goldeniastudios.com\/en\/wp-json\/wp\/v2\/comments?post=375"}],"version-history":[{"count":3,"href":"https:\/\/www.goldeniastudios.com\/en\/wp-json\/wp\/v2\/pages\/375\/revisions"}],"predecessor-version":[{"id":3826,"href":"https:\/\/www.goldeniastudios.com\/en\/wp-json\/wp\/v2\/pages\/375\/revisions\/3826"}],"wp:attachment":[{"href":"https:\/\/www.goldeniastudios.com\/en\/wp-json\/wp\/v2\/media?parent=375"}],"curies":[{"name":"wp","href":"https:\/\/api.w.org\/{rel}","templated":true}]}}