{"id":3685,"date":"2025-11-08T05:16:45","date_gmt":"2025-11-08T04:16:45","guid":{"rendered":"https:\/\/www.goldeniastudios.com\/silverstorm\/"},"modified":"2026-03-10T12:00:55","modified_gmt":"2026-03-10T11:00:55","slug":"silverstorm","status":"publish","type":"page","link":"https:\/\/www.goldeniastudios.com\/en\/","title":{"rendered":"Bienvenue"},"content":{"rendered":"<div data-colibri-id=\"3685-c1\" class=\"style-259 style-local-3685-c1 position-relative\">\n  <!---->\n  <div data-colibri-component=\"section\" data-colibri-id=\"3685-c2\" id=\"overlappable\" class=\"h-section h-section-global-spacing d-flex align-items-lg-center align-items-md-center align-items-center style-260 style-local-3685-c2 position-relative\">\n    <!---->\n    <!---->\n    <div class=\"h-section-grid-container h-section-boxed-container\">\n      <!---->\n      <div data-colibri-id=\"3685-c3\" class=\"h-row-container gutters-row-lg-0 gutters-row-md-0 gutters-row-2 gutters-row-v-lg-0 gutters-row-v-md-0 gutters-row-v-2 style-261 style-local-3685-c3 position-relative\">\n        <!---->\n        <div class=\"h-row justify-content-lg-center justify-content-md-center justify-content-center align-items-lg-stretch align-items-md-stretch align-items-stretch gutters-col-lg-0 gutters-col-md-0 gutters-col-2 gutters-col-v-lg-0 gutters-col-v-md-0 gutters-col-v-2\">\n          <!---->\n          <div class=\"h-column h-column-container d-flex h-col-lg-4 h-col-md-4 h-col-12 style-262-outer style-local-3685-c4-outer\">\n            <div data-colibri-id=\"3685-c4\" class=\"d-flex h-flex-basis h-column__inner h-px-lg-3 h-px-md-3 h-px-2 v-inner-lg-3 v-inner-md-3 v-inner-2 style-262 style-local-3685-c4 position-relative\">\n              <!---->\n              <!---->\n              <div class=\"w-100 h-y-container h-column__content h-column__v-align flex-basis-100 align-self-lg-start align-self-md-start align-self-start\">\n                <!---->\n                <div data-colibri-id=\"3685-c5\" class=\"d-block style-269 style-local-3685-c5 position-relative h-element\">\n                  <!---->\n                  <div class=\"h-image__frame-container-outer\">\n                    <div class=\"h-image__frame-container\">\n                      <!---->\n                      <!---->\n                      <img loading=\"lazy\" decoding=\"async\" width=\"779\" height=\"720\" src=\"https:\/\/www.goldeniastudios.com\/wp-content\/uploads\/cropped-cropped-PV-NOVA-IMAGE-.webp\" class=\"wp-image-3949 style-269-image style-local-3685-c5-image\" alt=\"\" srcset=\"https:\/\/www.goldeniastudios.com\/wp-content\/uploads\/cropped-cropped-PV-NOVA-IMAGE-.webp 779w, https:\/\/www.goldeniastudios.com\/wp-content\/uploads\/cropped-cropped-PV-NOVA-IMAGE--300x277.webp 300w, https:\/\/www.goldeniastudios.com\/wp-content\/uploads\/cropped-cropped-PV-NOVA-IMAGE--768x710.webp 768w, https:\/\/www.goldeniastudios.com\/wp-content\/uploads\/cropped-cropped-PV-NOVA-IMAGE--13x12.webp 13w\" sizes=\"auto, (max-width: 779px) 100vw, 779px\" \/>\n                      <div class=\"h-image__frame h-hide-lg h-hide-md h-hide-sm style-269-frameImage style-local-3685-c5-frameImage\"><\/div>\n                    <\/div>\n                  <\/div>\n                <\/div>\n                <div data-colibri-id=\"3685-c6\" class=\"h-global-transition-all h-heading style-264 style-local-3685-c6 position-relative h-element\">\n                  <!---->\n                  <div class=\"h-heading__outer style-264 style-local-3685-c6\">\n                    <!---->\n                    <!---->\n                    <h5 class=\"\">Good Vibes chez Goldenia avec Pv Nova !<\/h5>\n                  <\/div>\n                <\/div>\n                <div data-colibri-id=\"3685-c7\" class=\"h-text h-text-component style-268 style-local-3685-c7 position-relative h-element\">\n                  <!---->\n                  <!---->\n                  <div class=\"\">\n                    <p><span>Les folles inventions musicales avec Pv Nova, le nouveau programme produit par Goldenia pour France TV Education !<\/span><\/p>\n                    <p><span>Cette s\u00e9rie retrace&nbsp;la folle aventure artistique, technique et technologique de la musique afin de l\u2019expliquer aux jeunes. Avec PV Nova (LE YouTubeur musical incontournable), le programme retrace une partie de l\u2019histoire de la musique \u00e0 travers l\u2019\u00e9volution des technologies et des techniques. Autrement dit : comment la musique a-t-elle \u00e9t\u00e9 influenc\u00e9e par ces d\u00e9couvertes ?<\/span><\/p>\n                    <p>\n                      <br>\n                    <\/p>\n                    <p>\n                      <br>\n                    <\/p>\n                  <\/div>\n                <\/div>\n                <div data-colibri-id=\"3685-c8\" class=\"h-x-container style-266 style-local-3685-c8 position-relative h-element\">\n                  <!---->\n                  <div class=\"h-x-container-inner style-dynamic-3685-c8-group style-266-spacing style-local-3685-c8-spacing\"><span class=\"h-link__outer style-267-outer style-local-3685-c9-outer d-inline-flex h-element\"><a h-use-smooth-scroll=\"true\" href=\"https:\/\/www.goldeniastudios.com\/en\/good-vibes-chez-goldenia-avec-pv-nova\/\"  data-colibri-id=\"3685-c9\" class=\"d-flex w-100 align-items-center h-link style-267 style-local-3685-c9 position-relative\"><!----><!----> <span>Read more<\/span>                    <span class=\"h-svg-icon h-link__icon style-267-icon style-local-3685-c9-icon\"><!--Icon by Icons8 Line Awesome (https:\/\/icons8.com\/line-awesome)--><svg version=\"1.1\" xmlns=\"http:\/\/www.w3.org\/2000\/svg\" xmlns:xlink=\"http:\/\/www.w3.org\/1999\/xlink\" id=\"angle-double-right\" viewbox=\"0 0 512 545.5\"><path d=\"M145.5 108.5l168 168L325 288l-11.5 11.5-168 168-22.5-23L279.5 288 123 131.5zm112 0l168 168L437 288l-11.5 11.5-168 168-22.5-23L391.5 288 235 131.5z\"><\/path><\/svg><\/span><\/a>\n                    <\/span>\n                  <\/div>\n                <\/div>\n              <\/div>\n            <\/div>\n          <\/div>\n          <div class=\"h-column h-column-container d-flex h-col-lg-4 h-col-md-4 h-col-12 style-262-outer style-local-3685-c10-outer\">\n            <div data-colibri-id=\"3685-c10\" class=\"d-flex h-flex-basis h-column__inner h-px-lg-3 h-px-md-3 h-px-2 v-inner-lg-3 v-inner-md-3 v-inner-2 style-262 style-local-3685-c10 position-relative\">\n              <!---->\n              <!---->\n              <div class=\"w-100 h-y-container h-column__content h-column__v-align flex-basis-100 align-self-lg-start align-self-md-start align-self-start\">\n                <!---->\n                <div data-colibri-id=\"3685-c11\" class=\"d-block style-270 style-local-3685-c11 position-relative h-element\">\n                  <!---->\n                  <div class=\"h-image__frame-container-outer\">\n                    <div class=\"h-image__frame-container\">\n                      <!---->\n                      <!---->\n                      <img loading=\"lazy\" decoding=\"async\" width=\"236\" height=\"162\" src=\"https:\/\/www.goldeniastudios.com\/wp-content\/uploads\/cropped-cropped-hip-hop.jpg\" class=\"wp-image-3950 style-270-image style-local-3685-c11-image\" alt=\"\" srcset=\"https:\/\/www.goldeniastudios.com\/wp-content\/uploads\/cropped-cropped-hip-hop.jpg 236w, https:\/\/www.goldeniastudios.com\/wp-content\/uploads\/cropped-cropped-hip-hop-18x12.jpg 18w\" sizes=\"auto, (max-width: 236px) 100vw, 236px\" \/>\n                      <div class=\"h-image__frame h-hide-lg h-hide-md h-hide-sm style-270-frameImage style-local-3685-c11-frameImage\"><\/div>\n                    <\/div>\n                  <\/div>\n                <\/div>\n                <div data-colibri-id=\"3685-c12\" class=\"h-global-transition-all h-heading style-264 style-local-3685-c12 position-relative h-element\">\n                  <!---->\n                  <div class=\"h-heading__outer style-264 style-local-3685-c12\">\n                    <!---->\n                    <!---->\n                    <h5 class=\"\">une plong\u00e9e dans la culture urbaine sur Lumni (plateforme \u00e9ducative de France.tv) Une production Goldenia Studios<\/h5>\n                  <\/div>\n                <\/div>\n                <div data-colibri-id=\"3685-c13\" class=\"h-text h-text-component style-265 style-local-3685-c13 position-relative h-element\">\n                  <!---->\n                  <!---->\n                  <div class=\"\">\n                    <p><span style=\"font-weight: 400; font-size: 16px; font-family: &quot;Didact Gothic&quot;; color: rgb(113, 113, 117);\">Le hip-hop, bien plus qu\u2019un simple style musical, est une culture urbaine foisonnante qui r\u00e9unit rap, danse, DJing, graffiti et mode. N\u00e9 dans les rues du Bronx \u00e0 New York dans les ann\u00e9es 1970, ce mouvement a rapidement conquis le monde entier.&nbsp;<\/span><\/p>\n                  <\/div>\n                <\/div>\n                <div data-colibri-id=\"3685-c14\" class=\"h-x-container style-266 style-local-3685-c14 position-relative h-element\">\n                  <!---->\n                  <div class=\"h-x-container-inner style-dynamic-3685-c14-group style-266-spacing style-local-3685-c14-spacing\"><span class=\"h-link__outer style-267-outer style-local-3685-c15-outer d-inline-flex h-element\"><a h-use-smooth-scroll=\"true\" href=\"https:\/\/www.goldeniastudios.com\/en\/comment-est-ne-le-hip-hop-une-plongee-dans-la-culture-urbaine-sur-lumni-plateforme-educative-de-france-tv-une-production-goldenia-studios\/\"  data-colibri-id=\"3685-c15\" class=\"d-flex w-100 align-items-center h-link style-267 style-local-3685-c15 position-relative\"><!----><!----> <span>Read more<\/span>                    <span class=\"h-svg-icon h-link__icon style-267-icon style-local-3685-c15-icon\"><!--Icon by Icons8 Line Awesome (https:\/\/icons8.com\/line-awesome)--><svg version=\"1.1\" xmlns=\"http:\/\/www.w3.org\/2000\/svg\" xmlns:xlink=\"http:\/\/www.w3.org\/1999\/xlink\" id=\"angle-double-right\" viewbox=\"0 0 512 545.5\"><path d=\"M145.5 108.5l168 168L325 288l-11.5 11.5-168 168-22.5-23L279.5 288 123 131.5zm112 0l168 168L437 288l-11.5 11.5-168 168-22.5-23L391.5 288 235 131.5z\"><\/path><\/svg><\/span><\/a>\n                    <\/span>\n                  <\/div>\n                <\/div>\n              <\/div>\n            <\/div>\n          <\/div>\n          <div class=\"h-column h-column-container d-flex h-col-lg-4 h-col-md-4 h-col-12 style-262-outer style-local-3685-c16-outer\">\n            <div data-colibri-id=\"3685-c16\" class=\"d-flex h-flex-basis h-column__inner h-px-lg-3 h-px-md-3 h-px-2 v-inner-lg-3 v-inner-md-3 v-inner-2 style-262 style-local-3685-c16 position-relative\">\n              <!---->\n              <!---->\n              <div class=\"w-100 h-y-container h-column__content h-column__v-align flex-basis-100 align-self-lg-start align-self-md-start align-self-start\">\n                <!---->\n                <div data-colibri-id=\"3685-c17\" class=\"d-block style-271 style-local-3685-c17 position-relative h-element\">\n                  <!---->\n                  <div class=\"h-image__frame-container-outer\">\n                    <div class=\"h-image__frame-container\">\n                      <!---->\n                      <!---->\n                      <img decoding=\"async\" src=\"https:\/\/www.goldeniastudios.com\/wp-content\/uploads\/cropped-education-video-1.jpg\" class=\"wp-image-3951 style-271-image style-local-3685-c17-image\" alt=\"\" \/>\n                      <div class=\"h-image__frame h-hide-lg h-hide-md h-hide-sm style-271-frameImage style-local-3685-c17-frameImage\"><\/div>\n                    <\/div>\n                  <\/div>\n                <\/div>\n                <div data-colibri-id=\"3685-c18\" class=\"h-global-transition-all h-heading style-264 style-local-3685-c18 position-relative h-element\">\n                  <!---->\n                  <div class=\"h-heading__outer style-264 style-local-3685-c18\">\n                    <!---->\n                    <!---->\n                    <h5 class=\"\">Edutainment : Goldenia acc\u00e9l\u00e8re \u00e0 l\u2019international avec ICC Immersion<\/h5>\n                  <\/div>\n                <\/div>\n                <div data-colibri-id=\"3685-c19\" class=\"h-text h-text-component style-265 style-local-3685-c19 position-relative h-element\">\n                  <!---->\n                  <!---->\n                  <div class=\"\">\n                    <p><span style=\"font-weight: 400; font-size: 16px; font-family: &quot;PT Serif&quot;; color: rgb(113, 113, 117);\">Bonne nouvelle :&nbsp;<\/span><strong style=\"font-size: 16px; font-family: &quot;PT Serif&quot;; color: rgb(113, 113, 117);\">Goldenia<\/strong>\n                      <span\n                        style=\"font-size: 16px; font-family: &quot;PT Serif&quot;; color: rgb(113, 113, 117); font-weight: 400;\">&nbsp;a \u00e9t\u00e9 s\u00e9lectionn\u00e9e pour int\u00e9grer une session&nbsp;<\/span><strong style=\"font-size: 16px; font-family: &quot;PT Serif&quot;; color: rgb(113, 113, 117);\">ICC Immersion<\/strong><span style=\"font-size: 16px; font-family: &quot;PT Serif&quot;; color: rgb(113, 113, 117); font-weight: 400;\">, aux c\u00f4t\u00e9s d\u2019une cohorte particuli\u00e8rement exigeante &#8211; la \u201ccr\u00e8me de la cr\u00e8me\u201d des&nbsp;<\/span>\n                        <strong\n                          style=\"font-size: 16px; font-family: &quot;PT Serif&quot;; color: rgb(113, 113, 117);\">ICC<\/strong><span style=\"font-size: 16px; font-family: &quot;PT Serif&quot;; color: rgb(113, 113, 117); font-weight: 400;\">.<\/span><\/p>\n                  <\/div>\n                <\/div>\n                <div data-colibri-id=\"3685-c20\" class=\"h-x-container style-266 style-local-3685-c20 position-relative h-element\">\n                  <!---->\n                  <div class=\"h-x-container-inner style-dynamic-3685-c20-group style-266-spacing style-local-3685-c20-spacing\"><span class=\"h-link__outer style-267-outer style-local-3685-c21-outer d-inline-flex h-element\"><a h-use-smooth-scroll=\"true\" href=\"https:\/\/www.goldeniastudios.com\/en\/edutainment-goldenia-accelere-a-linternational-avec-icc-immersion\/\"  data-colibri-id=\"3685-c21\" class=\"d-flex w-100 align-items-center h-link style-267 style-local-3685-c21 position-relative\"><!----><!----> <span>Read more<\/span>                    <span class=\"h-svg-icon h-link__icon style-267-icon style-local-3685-c21-icon\"><!--Icon by Icons8 Line Awesome (https:\/\/icons8.com\/line-awesome)--><svg version=\"1.1\" xmlns=\"http:\/\/www.w3.org\/2000\/svg\" xmlns:xlink=\"http:\/\/www.w3.org\/1999\/xlink\" id=\"angle-double-right\" viewbox=\"0 0 512 545.5\"><path d=\"M145.5 108.5l168 168L325 288l-11.5 11.5-168 168-22.5-23L279.5 288 123 131.5zm112 0l168 168L437 288l-11.5 11.5-168 168-22.5-23L391.5 288 235 131.5z\"><\/path><\/svg><\/span><\/a>\n                    <\/span>\n                  <\/div>\n                <\/div>\n              <\/div>\n            <\/div>\n          <\/div>\n        <\/div>\n      <\/div>\n    <\/div>\n  <\/div>\n<\/div>","protected":false},"excerpt":{"rendered":"<p>Good Vibes chez Goldenia avec Pv Nova ! Les folles inventions musicales avec [&hellip;]<\/p>\n","protected":false},"author":1,"featured_media":0,"parent":0,"menu_order":0,"comment_status":"closed","ping_status":"closed","template":"page-templates\/homepage.php","meta":{"footnotes":""},"class_list":["post-3685","page","type-page","status-publish","hentry"],"_links":{"self":[{"href":"https:\/\/www.goldeniastudios.com\/en\/wp-json\/wp\/v2\/pages\/3685","targetHints":{"allow":["GET"]}}],"collection":[{"href":"https:\/\/www.goldeniastudios.com\/en\/wp-json\/wp\/v2\/pages"}],"about":[{"href":"https:\/\/www.goldeniastudios.com\/en\/wp-json\/wp\/v2\/types\/page"}],"author":[{"embeddable":true,"href":"https:\/\/www.goldeniastudios.com\/en\/wp-json\/wp\/v2\/users\/1"}],"replies":[{"embeddable":true,"href":"https:\/\/www.goldeniastudios.com\/en\/wp-json\/wp\/v2\/comments?post=3685"}],"version-history":[{"count":6,"href":"https:\/\/www.goldeniastudios.com\/en\/wp-json\/wp\/v2\/pages\/3685\/revisions"}],"predecessor-version":[{"id":4022,"href":"https:\/\/www.goldeniastudios.com\/en\/wp-json\/wp\/v2\/pages\/3685\/revisions\/4022"}],"wp:attachment":[{"href":"https:\/\/www.goldeniastudios.com\/en\/wp-json\/wp\/v2\/media?parent=3685"}],"curies":[{"name":"wp","href":"https:\/\/api.w.org\/{rel}","templated":true}]}}