{"id":1498,"date":"2021-05-10T15:49:37","date_gmt":"2021-05-10T13:49:37","guid":{"rendered":"https:\/\/goldenia.af-developpement.com\/?page_id=1498"},"modified":"2021-09-30T22:04:42","modified_gmt":"2021-09-30T20:04:42","slug":"talentotheque","status":"publish","type":"page","link":"https:\/\/www.goldeniastudios.com\/en\/talentotheque\/","title":{"rendered":"Talentoth\u00e8que"},"content":{"rendered":"<h3>\n\t\t\t\tLa&nbsp;Talentoth\u00e8que&nbsp;de&nbsp;Goldenia<br \/>\n\t\t\t\t<\/h3>\n<blockquote>\n<p>\n\t\t\t\tGoldenia f\u00e9d\u00e8re une grande vari\u00e9t\u00e9 de talents, juniors et chevronn\u00e9s, pour proposer une offre faisant rimer cr\u00e9ativit\u00e9, rigueur et fiabilit\u00e9\u2026.\t\t\t<\/p>\n<\/blockquote>\n<figure><img decoding=\"async\" src=\"https:\/\/www.goldeniastudios.com\/wp-content\/uploads\/2021\/06\/WhatsApp-Image-2021-04-14-at-16.27.15-4.jpeg\" alt=\"WhatsApp Image 2021-04-14 at 16.27.15 (4)\" \/><\/figure>\n<figure><img decoding=\"async\" src=\"https:\/\/www.goldeniastudios.com\/wp-content\/uploads\/2021\/06\/DSCF8078-copie-1024x683.jpg\" alt=\"Dr Nozman pour Sciences TV\" \/><\/figure>\n<figure><img decoding=\"async\" src=\"https:\/\/www.goldeniastudios.com\/wp-content\/uploads\/2021\/06\/IMG_0722-768x1024.jpg\" alt=\"Histoire de r\u00e9viser_08\" \/><\/figure>\n<figure><img decoding=\"async\" src=\"https:\/\/www.goldeniastudios.com\/wp-content\/uploads\/2021\/06\/WhatsApp-Image-2021-04-14-at-12.44.43.jpeg\" alt=\"WhatsApp Image 2021-04-14 at 12.44.43\" \/><\/figure>\n<figure><img decoding=\"async\" src=\"https:\/\/www.goldeniastudios.com\/wp-content\/uploads\/2021\/05\/LVU_170712_0003777-1024x683.jpg\" alt=\"Dr NozmanLes Experiences de DR Nozman\" \/><\/figure>\n<figure><img decoding=\"async\" src=\"https:\/\/www.goldeniastudios.com\/wp-content\/uploads\/2021\/06\/IMG_4938-768x1024.jpg\" alt=\"IMG_4938\" \/><\/figure>\n<figure><img decoding=\"async\" src=\"https:\/\/www.goldeniastudios.com\/wp-content\/uploads\/2021\/06\/Coulisses-PCACF-1024x680.jpg\" alt=\"Coulisses PCACF\" \/><\/figure>\n<figure><img decoding=\"async\" src=\"https:\/\/www.goldeniastudios.com\/wp-content\/uploads\/2021\/05\/IMG_8454-1024x768.jpg\" alt=\"IMG_8454\" \/><\/figure>\n<figure><img decoding=\"async\" src=\"https:\/\/www.goldeniastudios.com\/wp-content\/uploads\/2021\/05\/IMG_6801-1024x768.jpg\" alt=\"IMG_6801\" \/><\/figure>\n<figure><img decoding=\"async\" src=\"https:\/\/www.goldeniastudios.com\/wp-content\/uploads\/2021\/06\/Capture-de\u0301cran-2019-09-14-a\u0300-12.34.40-1024x572.png\" alt=\"Capture d\u2019e\u0301cran 2019-09-14 a\u0300 12.34.40\" \/><\/figure>\n<figure><img decoding=\"async\" src=\"https:\/\/www.goldeniastudios.com\/wp-content\/uploads\/2021\/06\/IMG_0732-768x1024.jpg\" alt=\"Histoire de r\u00e9viser_09\" \/><\/figure>\n<figure><img decoding=\"async\" src=\"https:\/\/www.goldeniastudios.com\/wp-content\/uploads\/2021\/06\/IMG_4939-768x1024.jpg\" alt=\"IMG_4939\" \/><\/figure>\n<figure><img decoding=\"async\" src=\"https:\/\/www.goldeniastudios.com\/wp-content\/uploads\/2021\/06\/IMG_1162-1024x768.jpeg\" alt=\"IMG_1162\" \/><\/figure>\n<figure><img decoding=\"async\" src=\"https:\/\/www.goldeniastudios.com\/wp-content\/uploads\/2021\/05\/EDRN_MISE-EN-ABYME_Capture-03-1024x576.jpg\" alt=\"EDRN_MISE-EN-ABYME_Capture-03\" \/><\/figure>\n<figure><img decoding=\"async\" src=\"https:\/\/www.goldeniastudios.com\/wp-content\/uploads\/2021\/05\/IMG_6684-1024x768.jpg\" alt=\"IMG_6684\" \/><\/figure>\n<figure><img decoding=\"async\" src=\"https:\/\/www.goldeniastudios.com\/wp-content\/uploads\/2021\/06\/IMG_8456-1-1024x768.jpg\" alt=\"IMG_8456\" \/><\/figure>\n<figure><img decoding=\"async\" src=\"https:\/\/www.goldeniastudios.com\/wp-content\/uploads\/2021\/05\/H0C3253-1024x683.jpg\" alt=\"H0C3253\" \/><\/figure>\n<figure><img decoding=\"async\" src=\"https:\/\/www.goldeniastudios.com\/wp-content\/uploads\/2021\/06\/Capture-de\u0301cran-2019-09-14-a\u0300-12.40.11-1024x575.png\" alt=\"Capture d\u2019e\u0301cran 2019-09-14 a\u0300 12.40.11\" \/><\/figure>\n<figure><img decoding=\"async\" src=\"https:\/\/www.goldeniastudios.com\/wp-content\/uploads\/2021\/05\/EP13_Capture_Quiz-2_11-1024x576.jpg\" alt=\"EP13_Capture_Quiz-2_11\" \/><\/figure>\n<figure><img decoding=\"async\" src=\"https:\/\/www.goldeniastudios.com\/wp-content\/uploads\/2021\/06\/P1042020-1024x1024.jpg\" alt=\"Histoire de r\u00e9viser_07\" \/><\/figure>\n<figure><img decoding=\"async\" src=\"https:\/\/www.goldeniastudios.com\/wp-content\/uploads\/2021\/06\/IMG_1153-1024x768.jpg\" alt=\"IMG_1153\" \/><\/figure>\n<figure><img decoding=\"async\" src=\"https:\/\/www.goldeniastudios.com\/wp-content\/uploads\/2021\/05\/Coulisses-1-1024x683.jpg\" alt=\"Coulisses 1\" \/><\/figure>\n<figure><img decoding=\"async\" src=\"https:\/\/www.goldeniastudios.com\/wp-content\/uploads\/2021\/05\/CMSTP6-1024x577.png\" alt=\"CMSTP6\" \/><\/figure>\n<figure><img decoding=\"async\" src=\"https:\/\/www.goldeniastudios.com\/wp-content\/uploads\/2021\/05\/11192705_832054896848513_1847866449_n.jpg\" alt=\"11192705_832054896848513_1847866449_n\" \/><\/figure>\n<figure><img decoding=\"async\" src=\"https:\/\/www.goldeniastudios.com\/wp-content\/uploads\/2021\/04\/SS-7-Copier.jpeg\" alt=\"SS-7-Copier\" \/><\/figure>\n<figure><img decoding=\"async\" src=\"https:\/\/www.goldeniastudios.com\/wp-content\/uploads\/2021\/05\/Carton-1-Papotages-Copier1.png\" alt=\"Carton-1-Papotages-Copier1\" \/><\/figure>\n<figure><img decoding=\"async\" src=\"https:\/\/www.goldeniastudios.com\/wp-content\/uploads\/2021\/05\/capture_dahan1-1024x574.png\" alt=\"capture_dahan1\" \/><\/figure>\n<figure><img decoding=\"async\" src=\"https:\/\/www.goldeniastudios.com\/wp-content\/uploads\/2021\/05\/SY_05-Copier.png\" alt=\"SY_05-Copier\" \/><\/figure>\n<figure><img decoding=\"async\" src=\"https:\/\/www.goldeniastudios.com\/wp-content\/uploads\/2021\/06\/IMG_0702-scaled-e1623075577485-1024x768.jpg\" alt=\"IMG_0702\" \/><\/figure>\n<figure><img decoding=\"async\" src=\"https:\/\/www.goldeniastudios.com\/wp-content\/uploads\/2021\/05\/Villani-video.jpg\" alt=\"Villani-video\" \/><\/figure>\n<figure><img decoding=\"async\" src=\"https:\/\/www.goldeniastudios.com\/wp-content\/uploads\/2021\/05\/SS-6-Copier.jpg\" alt=\"SS-6-Copier\" \/><\/figure>\n<p>\t\t\t\t\t\tPr\u00e9c\u00e9dent<br \/>\n\t\t\t\t\t\tSuivant<\/p>\n<p>D\u00e9nicheur et f\u00e9d\u00e9rateur de <strong>talents<\/strong>, son fondateur\u00a0David Bensoussan apporte \u00e0 ces productions sa vision d\u2019ensemble,\u00a0la rigueur et le pilotage, fruit d\u2019une forte exp\u00e9rience dans la production tv sur des centaines d\u2019heures de t\u00e9l\u00e9vision.<\/p>\n<p>Le mod\u00e8le de Goldenia repose sur sa <strong>richesse humaine<\/strong> : \u00c0 l\u2019heure o\u00f9 les techniques et outils de production \u00e9voluent toujours plus vite, la force de Goldenia Studios tient aussi dans sa capacit\u00e9 \u00e0 caster et travailler avec des talents inventifs et \u00e0 la pointe, juniors ou chevronn\u00e9s, issus de sa Talentoth\u00e8que . . .<\/p>","protected":false},"excerpt":{"rendered":"<p>La&nbsp;Talentoth\u00e8que&nbsp;de&nbsp;Goldenia Goldenia f\u00e9d\u00e8re une grande vari\u00e9t\u00e9 de talents, juniors et chevronn\u00e9s, pour proposer [&hellip;]<\/p>\n","protected":false},"author":2,"featured_media":0,"parent":0,"menu_order":0,"comment_status":"closed","ping_status":"closed","template":"","meta":{"footnotes":""},"class_list":["post-1498","page","type-page","status-publish","hentry"],"_links":{"self":[{"href":"https:\/\/www.goldeniastudios.com\/en\/wp-json\/wp\/v2\/pages\/1498","targetHints":{"allow":["GET"]}}],"collection":[{"href":"https:\/\/www.goldeniastudios.com\/en\/wp-json\/wp\/v2\/pages"}],"about":[{"href":"https:\/\/www.goldeniastudios.com\/en\/wp-json\/wp\/v2\/types\/page"}],"author":[{"embeddable":true,"href":"https:\/\/www.goldeniastudios.com\/en\/wp-json\/wp\/v2\/users\/2"}],"replies":[{"embeddable":true,"href":"https:\/\/www.goldeniastudios.com\/en\/wp-json\/wp\/v2\/comments?post=1498"}],"version-history":[{"count":0,"href":"https:\/\/www.goldeniastudios.com\/en\/wp-json\/wp\/v2\/pages\/1498\/revisions"}],"wp:attachment":[{"href":"https:\/\/www.goldeniastudios.com\/en\/wp-json\/wp\/v2\/media?parent=1498"}],"curies":[{"name":"wp","href":"https:\/\/api.w.org\/{rel}","templated":true}]}}