{"id":130,"date":"2021-04-12T14:27:42","date_gmt":"2021-04-12T14:27:42","guid":{"rendered":"https:\/\/goldenia.af-developpement.com\/?page_id=130"},"modified":"2026-01-27T06:44:58","modified_gmt":"2026-01-27T05:44:58","slug":"les-studios","status":"publish","type":"page","link":"https:\/\/www.goldeniastudios.com\/en\/les-studios\/","title":{"rendered":"The studios"},"content":{"rendered":"<div class=\"style-241 style-local-130-c1 position-relative\" data-colibri-id=\"130-c1\">\r\n<div id=\"initial-content\" class=\"h-section h-section-global-spacing d-flex align-items-lg-center align-items-md-center align-items-center style-242 style-local-130-c2 position-relative\" data-colibri-component=\"section\" data-colibri-id=\"130-c2\">\r\n<div class=\"h-section-grid-container h-section-boxed-container\">\r\n<div class=\"h-row-container gutters-row-lg-2 gutters-row-md-2 gutters-row-0 gutters-row-v-lg-2 gutters-row-v-md-2 gutters-row-v-2 style-243 style-local-130-c3 position-relative\" data-colibri-id=\"130-c3\">\r\n<div class=\"h-row justify-content-lg-center justify-content-md-center justify-content-center align-items-lg-stretch align-items-md-stretch align-items-stretch gutters-col-lg-2 gutters-col-md-2 gutters-col-0 gutters-col-v-lg-2 gutters-col-v-md-2 gutters-col-v-2\">\r\n<div class=\"h-column h-column-container d-flex h-col-lg-auto h-col-md-auto h-col-auto style-244-outer style-local-130-c4-outer\">\r\n<div class=\"d-flex h-flex-basis h-column__inner h-ui-empty-state-container h-px-lg-2 h-px-md-2 h-px-2 v-inner-lg-2 v-inner-md-2 v-inner-2 style-244 style-local-130-c4 position-relative\" data-colibri-id=\"130-c4\">\r\n<div class=\"w-100 h-y-container h-column__content h-column__v-align flex-basis-100\"><\/div>\r\n<\/div>\r\n<\/div>\r\n<\/div>\r\n<\/div>\r\n<\/div>\r\n<\/div>\r\n<div id=\"about\" class=\"h-section h-section-global-spacing d-flex align-items-lg-center align-items-md-center align-items-center style-245 style-local-130-c5 position-relative\" data-colibri-component=\"section\" data-colibri-id=\"130-c5\">\r\n<div class=\"h-section-grid-container h-section-boxed-container\">\r\n<div class=\"h-row-container gutters-row-lg-0 gutters-row-md-0 gutters-row-0 gutters-row-v-lg-0 gutters-row-v-md-0 gutters-row-v-0 style-246 style-local-130-c6 position-relative\" data-colibri-id=\"130-c6\">\r\n<div class=\"h-row justify-content-lg-center justify-content-md-center justify-content-center align-items-lg-stretch align-items-md-stretch align-items-stretch gutters-col-lg-0 gutters-col-md-0 gutters-col-0 gutters-col-v-lg-0 gutters-col-v-md-0 gutters-col-v-0\">\r\n<div class=\"h-column h-column-container d-flex h-col-lg-auto h-col-md-auto h-col-auto style-247-outer style-local-130-c7-outer\">\r\n<div class=\"d-flex h-flex-basis h-column__inner h-px-lg-0 h-px-md-0 h-px-0 v-inner-lg-0 v-inner-md-0 v-inner-0 style-247 style-local-130-c7 position-relative\" data-colibri-id=\"130-c7\">\r\n<div class=\"w-100 h-y-container h-column__content h-column__v-align flex-basis-100 align-self-lg-start align-self-md-start align-self-start\">\r\n<div class=\"style-248 style-local-130-c8 position-relative h-element\" data-colibri-id=\"130-c8\">\r\n<div>\r\n<h2>The studios<\/h2>\r\nDavid Bensoussan fonde Goldenia Studios en 2009\u00a0avec la volont\u00e9 de\u00a0cr\u00e9er une soci\u00e9t\u00e9 de production nouvelle g\u00e9n\u00e9ration r\u00e9pondant aux d\u00e9fis pos\u00e9s par la r\u00e9volution m\u00e9diatique et num\u00e9rique. L\u2019ambition de Goldenia est de produire\r\ndes programmes et contenus ludo-\u00e9ducatifs \/edutainment de qualit\u00e9, autour d\u2019\u00e9quipes artistiques et \u00e9ditoriales d\u00e9di\u00e9es r\u00e9unissant des cr\u00e9ateurs chevronn\u00e9s de la t\u00e9l\u00e9vision et des digital natives agiles.\r\n\r\n<a href=\"https:\/\/www.goldeniastudios.com\/en\/talentotheque\/\">\r\nLa talentoth\u00e8que\r\n<\/a>\r\n<img loading=\"lazy\" decoding=\"async\" src=\"https:\/\/www.goldeniastudios.com\/wp-content\/uploads\/2021\/04\/noun_movie-camera_2147900-e1620659369730.png\" sizes=\"auto, (max-width: 700px) 100vw, 700px\" srcset=\"https:\/\/www.goldeniastudios.com\/wp-content\/uploads\/2021\/04\/noun_movie-camera_2147900-e1620659369730.png 700w, https:\/\/www.goldeniastudios.com\/wp-content\/uploads\/2021\/04\/noun_movie-camera_2147900-e1620659369730-300x300.png 300w, https:\/\/www.goldeniastudios.com\/wp-content\/uploads\/2021\/04\/noun_movie-camera_2147900-e1620659369730-150x150.png 150w\" alt=\"\" width=\"700\" height=\"700\" \/>\r\n<h2>Le fondateur<\/h2>\r\n<img loading=\"lazy\" decoding=\"async\" src=\"https:\/\/www.goldeniastudios.com\/wp-content\/uploads\/2021\/05\/David-Ben-Soussan.png\" sizes=\"auto, (max-width: 300px) 100vw, 300px\" srcset=\"https:\/\/www.goldeniastudios.com\/wp-content\/uploads\/2021\/05\/David-Ben-Soussan.png 300w, https:\/\/www.goldeniastudios.com\/wp-content\/uploads\/2021\/05\/David-Ben-Soussan-150x150.png 150w\" alt=\"\" width=\"300\" height=\"300\" \/>\r\n\r\nN\u00e9 \u00e0 Caen (Calvados), David Bensoussan d\u00e9bute sa carri\u00e8re comme animateur puis journaliste dans l\u2019antenne normande de Radio France. Au d\u00e9but des ann\u00e9es 1990, il se lance dans la production audiovisuelle et collabore aux programmes\r\nde l\u2019Unit\u00e9 Magazine de Pascale Breugnot (TF1) comme Charg\u00e9 de production puis Directeur de production, avant de rejoindre l\u2019\u00e9quipe d\u2019Anne Magnien (Culture Pub). Il prend ensuite la direction des productions de l\u2019Unit\u00e9 de Tina Kieffer\r\n(TF1).\r\n\r\nEn 1997, il rejoint la soci\u00e9t\u00e9 de production R&amp;G cr\u00e9\u00e9e par St\u00e9phane Gateau et J\u00e9r\u00f4me Revon, sp\u00e9cialis\u00e9e dans le magazine et le divertissement, o\u00f9 il occupe des fonctions de direction pendant onze ans. David participe tr\u00e8s activement\r\n\u00e0 la cr\u00e9ation du Syndicat des Producteurs et Cr\u00e9ateurs d\u2019\u00c9missions de T\u00e9l\u00e9vision dont il sera membre du bureau pendant 10 ans. De 2010 \u00e0 2014, il figure \u00e9galement pendant 3 ans au Conseil d\u2019administration de la Conf\u00e9d\u00e9ration des Producteurs\r\nde l\u2019Audiovisuel (CPA: USPA\/SPECT\/SPFA). Il participe aux travaux du M\u00e9dia Club. Depuis D\u00e9cembre 2020, il co-pr\u00e9side le Coll\u00e8ge Savoirs de PXN (association qui oeuvre \u00e0 la structuration de la cr\u00e9ation num\u00e9rique fran\u00e7aise, \u00e0 la crois\u00e9e\r\nde l\u2019audiovisuel, du jeu vid\u00e9o, de la XR, du spectacle vivant, de l\u2019art et de la mus\u00e9ographie).\r\n\r\n<a role=\"button\">\r\nBio version longue\r\n<\/a>\r\n<h2>Contact<\/h2>\r\n<h6>Une question, une envie de nous rencontrer ?<\/h6>\r\n<address>\r\n<h6>01 75 32 33 26<\/h6>\r\n<h6>8 Villa L\u00e9ger, 92170 Vanves, France<\/h6>\r\n<\/address><a href=\"\/en\/contact\/\">\r\nNous contacter\r\n<\/a>\r\n<h2>Ils nous font confiance &#8230;<\/h2>\r\n<a href=\"https:\/\/www.spect.fr\/\">\r\n<img decoding=\"async\" title=\"logo_spect\" src=\"https:\/\/www.goldeniastudios.com\/wp-content\/uploads\/2021\/04\/logo_spect.jpg\" alt=\"logo_spect\" \/> <\/a>\r\n<img loading=\"lazy\" decoding=\"async\" src=\"https:\/\/www.goldeniastudios.com\/wp-content\/uploads\/2021\/04\/logo-pxn-1.png\" sizes=\"auto, (max-width: 800px) 100vw, 800px\" srcset=\"https:\/\/www.goldeniastudios.com\/wp-content\/uploads\/2021\/04\/logo-pxn-1.png 810w, https:\/\/www.goldeniastudios.com\/wp-content\/uploads\/2021\/04\/logo-pxn-1-300x81.png 300w, https:\/\/www.goldeniastudios.com\/wp-content\/uploads\/2021\/04\/logo-pxn-1-768x208.png 768w\" alt=\"\" width=\"800\" height=\"216\" \/>\r\n<p style=\"text-align: center;\">Goldenia Studios est affili\u00e9e au Syndicat Des Producteurs Cr\u00e9ateurs de Programmes Audiovisuels depuis 2009.<\/p>\r\nGoldenia est membre de PXN &#8211; l\u2019association des producteurs nouveaux m\u00e9dias ind\u00e9pendants qui \u0153uvrent \u00e0 la mutation num\u00e9rique des industries culturelles et cr\u00e9atives fran\u00e7aises.\r\n\r\n<\/div>\r\n<\/div>\r\n<\/div>\r\n<\/div>\r\n<\/div>\r\n<\/div>\r\n<\/div>\r\n<\/div>\r\n<\/div>\r\n<div id=\"about-3\" class=\"h-section h-section-global-spacing d-flex align-items-lg-center align-items-md-center align-items-center style-249 style-local-130-c9 position-relative\" data-colibri-component=\"section\" data-colibri-id=\"130-c9\">\r\n<div class=\"h-section-grid-container h-section-boxed-container\">\r\n<div class=\"h-row-container gutters-row-lg-2 gutters-row-md-2 gutters-row-2 gutters-row-v-lg-2 gutters-row-v-md-2 gutters-row-v-2 style-250 style-local-130-c10 position-relative\" data-colibri-id=\"130-c10\">\r\n<div class=\"h-row justify-content-lg-center justify-content-md-center justify-content-center align-items-lg-stretch align-items-md-stretch align-items-stretch gutters-col-lg-2 gutters-col-md-2 gutters-col-2 gutters-col-v-lg-2 gutters-col-v-md-2 gutters-col-v-2\">\r\n<div class=\"h-column h-column-container d-flex h-col-lg-auto h-col-md-auto h-col-auto style-251-outer style-local-130-c11-outer\">\r\n<div class=\"d-flex h-flex-basis h-column__inner h-px-lg-2 h-px-md-2 h-px-2 v-inner-lg-2 v-inner-md-2 v-inner-2 style-251 style-local-130-c11 position-relative\" data-colibri-id=\"130-c11\">\r\n<div class=\"w-100 h-y-container h-column__content h-column__v-align flex-basis-100 align-self-lg-center align-self-md-center align-self-center\">\r\n<div class=\"h-global-transition-all h-heading style-252 style-local-130-c12 position-relative h-element\" data-colibri-id=\"130-c12\">\r\n<div class=\"h-heading__outer style-252 style-local-130-c12\"><\/div>\r\n<\/div>\r\n<\/div>\r\n<\/div>\r\n<\/div>\r\n<div class=\"h-column h-column-container d-flex h-col-lg-auto h-col-md-auto h-col-auto style-257-outer style-local-130-c17-outer\">\r\n<div class=\"d-flex h-flex-basis h-column__inner h-px-lg-2 h-px-md-2 h-px-2 v-inner-lg-2 v-inner-md-2 v-inner-2 style-257 style-local-130-c17 position-relative\" data-colibri-id=\"130-c17\">\r\n<div class=\"w-100 h-y-container h-column__content h-column__v-align flex-basis-100 align-self-lg-center align-self-md-center align-self-center\">\r\n<div class=\"d-block style-258 style-local-130-c18 position-relative h-element\" data-colibri-id=\"130-c18\">\r\n<div class=\"h-image__frame-container-outer\">\r\n<div class=\"h-image__frame-container\"><\/div>\r\n<\/div>\r\n<\/div>\r\n<\/div>\r\n<\/div>\r\n<\/div>\r\n<\/div>\r\n<\/div>\r\n<\/div>\r\n<\/div>\r\n<\/div>","protected":false},"excerpt":{"rendered":"<p>Les studios David Bensoussan fonde Goldenia Studios en 2009\u00a0avec la volont\u00e9 de\u00a0cr\u00e9er une [&hellip;]<\/p>\n","protected":false},"author":1,"featured_media":0,"parent":0,"menu_order":0,"comment_status":"closed","ping_status":"closed","template":"page-templates\/full-width-page.php","meta":{"footnotes":""},"class_list":["post-130","page","type-page","status-publish","hentry"],"_links":{"self":[{"href":"https:\/\/www.goldeniastudios.com\/en\/wp-json\/wp\/v2\/pages\/130","targetHints":{"allow":["GET"]}}],"collection":[{"href":"https:\/\/www.goldeniastudios.com\/en\/wp-json\/wp\/v2\/pages"}],"about":[{"href":"https:\/\/www.goldeniastudios.com\/en\/wp-json\/wp\/v2\/types\/page"}],"author":[{"embeddable":true,"href":"https:\/\/www.goldeniastudios.com\/en\/wp-json\/wp\/v2\/users\/1"}],"replies":[{"embeddable":true,"href":"https:\/\/www.goldeniastudios.com\/en\/wp-json\/wp\/v2\/comments?post=130"}],"version-history":[{"count":13,"href":"https:\/\/www.goldeniastudios.com\/en\/wp-json\/wp\/v2\/pages\/130\/revisions"}],"predecessor-version":[{"id":3931,"href":"https:\/\/www.goldeniastudios.com\/en\/wp-json\/wp\/v2\/pages\/130\/revisions\/3931"}],"wp:attachment":[{"href":"https:\/\/www.goldeniastudios.com\/en\/wp-json\/wp\/v2\/media?parent=130"}],"curies":[{"name":"wp","href":"https:\/\/api.w.org\/{rel}","templated":true}]}}